{"id":395,"date":"2021-05-07T07:11:09","date_gmt":"2021-05-07T07:11:09","guid":{"rendered":"https:\/\/losviajerosleymebamba.com\/index.php\/home\/"},"modified":"2024-04-30T09:15:28","modified_gmt":"2024-04-30T14:15:28","slug":"home","status":"publish","type":"page","link":"https:\/\/losviajerosleymebamba.com\/","title":{"rendered":"Inicio"},"content":{"rendered":"<style>\/*! elementor - v3.6.7 - 03-07-2022 *\/<br \/>\n.elementor-heading-title{padding:0;margin:0;line-height:1}.elementor-widget-heading .elementor-heading-title[class*=elementor-size-]>a{color:inherit;font-size:inherit;line-height:inherit}.elementor-widget-heading .elementor-heading-title.elementor-size-small{font-size:15px}.elementor-widget-heading .elementor-heading-title.elementor-size-medium{font-size:19px}.elementor-widget-heading .elementor-heading-title.elementor-size-large{font-size:29px}.elementor-widget-heading .elementor-heading-title.elementor-size-xl{font-size:39px}.elementor-widget-heading .elementor-heading-title.elementor-size-xxl{font-size:59px}<\/style>\n<h1>Bienvenido a<br \/>\nLos Viajeros B&amp;B<\/h1>\n<p>Ahora rel\u00e1jate y s\u00e9 feliz&#8230;<\/p>\n<p><a href=\"https:\/\/losviajerosleymebamba.com\/index.php\/habitaciones\/\" role=\"button\"><br \/>\nRESERVAR AHORA<br \/>\n<\/a><\/p>\n<style>\/*! elementor - v3.6.7 - 03-07-2022 *\/<br \/>\n.elementor-widget-image-box .elementor-image-box-content{width:100%}@media (min-width:768px){.elementor-widget-image-box.elementor-position-left .elementor-image-box-wrapper,.elementor-widget-image-box.elementor-position-right .elementor-image-box-wrapper{display:-webkit-box;display:-ms-flexbox;display:flex}.elementor-widget-image-box.elementor-position-right .elementor-image-box-wrapper{text-align:right;-webkit-box-orient:horizontal;-webkit-box-direction:reverse;-ms-flex-direction:row-reverse;flex-direction:row-reverse}.elementor-widget-image-box.elementor-position-left .elementor-image-box-wrapper{text-align:left;-webkit-box-orient:horizontal;-webkit-box-direction:normal;-ms-flex-direction:row;flex-direction:row}.elementor-widget-image-box.elementor-position-top .elementor-image-box-img{margin:auto}.elementor-widget-image-box.elementor-vertical-align-top .elementor-image-box-wrapper{-webkit-box-align:start;-ms-flex-align:start;align-items:flex-start}.elementor-widget-image-box.elementor-vertical-align-middle .elementor-image-box-wrapper{-webkit-box-align:center;-ms-flex-align:center;align-items:center}.elementor-widget-image-box.elementor-vertical-align-bottom .elementor-image-box-wrapper{-webkit-box-align:end;-ms-flex-align:end;align-items:flex-end}}@media (max-width:767px){.elementor-widget-image-box .elementor-image-box-img{margin-left:auto!important;margin-right:auto!important;margin-bottom:15px}}.elementor-widget-image-box .elementor-image-box-img{display:inline-block}.elementor-widget-image-box .elementor-image-box-title a{color:inherit}.elementor-widget-image-box .elementor-image-box-wrapper{text-align:center}.elementor-widget-image-box .elementor-image-box-description{margin:0}<\/style>\n<h2>Sobre Los Viajeros B&amp;B<\/h2>\n<p>Los Viajeros B&amp;B es un alojamiento agradable, limpio, con buena vista, buena atenci\u00f3n, acogedor, familiar, con todas las comodidades para sentirse como en casa, ambientes agradables para disfrutar del paisaje y el clima, cuenta con amplios espacios, jard\u00edn y terraza, una parrilla y horno a le\u00f1a para preparar pizzas, a petici\u00f3n del cliente y con previo aviso.<\/p>\n<p>Nuestro alojamiento cuenta con dos accesos de llegada desde la plaza principal del pueblo, una es la trocha carrozable, que a pie son 10 min. y en carro o mototaxi 5 min.  y una escalinata directa de 160 pelda\u00f1os. Todo esto hace que nuestro establecimiento sea \u00fanico, ya que al llegar podr\u00e1s disfrutar de un bello panorama y una vista extraordinaria hacia las verdes monta\u00f1as y al pueblo.<\/p>\n<p>Se organizan caminatas, con anticipaci\u00f3n y costo adicional. Nuestro alojamiento conserva la construcci\u00f3n caracter\u00edstica del pueblo, cuenta con amplias habitaciones y con hermosa vista, las camas cuentan con edredones de pluma y cubiertas hecha a mano con lana de alpaca. Los servicios cuentan con una ducha y tina para ba\u00f1o con agua caliente, un comedor con cocina equipada al servicio del hu\u00e9sped (lo pueden utilizar), insumos b\u00e1sicos incluidos, chimenea para las noches fr\u00edas, una terraza para tomar el t\u00e9 en los d\u00edas frescos, apreciando la belleza de la naturaleza, orqu\u00eddeas y rosas sembradas en nuestro jard\u00edn.<\/p>\n<style>\/*! elementor - v3.6.7 - 03-07-2022 *\/<br \/>\n.elementor-widget-image{text-align:center}.elementor-widget-image a{display:inline-block}.elementor-widget-image a img[src$=\".svg\"]{width:48px}.elementor-widget-image img{vertical-align:middle;display:inline-block}<\/style>\n<p>\t\t\t\t\t\t\t\t\t\t\t\t<img fetchpriority=\"high\" width=\"1920\" height=\"1080\" src=\"https:\/\/losviajerosleymebamba.com\/wp-content\/uploads\/2022\/07\/LosViajerosBB.png\" alt=\"\" srcset=\"https:\/\/losviajerosleymebamba.com\/wp-content\/uploads\/2022\/07\/LosViajerosBB.png 1920w, https:\/\/losviajerosleymebamba.com\/wp-content\/uploads\/2022\/07\/LosViajerosBB-300x169.png 300w, https:\/\/losviajerosleymebamba.com\/wp-content\/uploads\/2022\/07\/LosViajerosBB-1024x576.png 1024w, https:\/\/losviajerosleymebamba.com\/wp-content\/uploads\/2022\/07\/LosViajerosBB-768x432.png 768w, https:\/\/losviajerosleymebamba.com\/wp-content\/uploads\/2022\/07\/LosViajerosBB-1536x864.png 1536w\" sizes=\"(max-width: 1920px) 100vw, 1920px\"><br \/>\n<img width=\"1920\" height=\"1080\" src=\"https:\/\/losviajerosleymebamba.com\/wp-content\/uploads\/2022\/07\/CasaLosViajeros11.jpg\" alt=\"\" srcset=\"https:\/\/losviajerosleymebamba.com\/wp-content\/uploads\/2022\/07\/CasaLosViajeros11.jpg 1920w, https:\/\/losviajerosleymebamba.com\/wp-content\/uploads\/2022\/07\/CasaLosViajeros11-300x169.jpg 300w, https:\/\/losviajerosleymebamba.com\/wp-content\/uploads\/2022\/07\/CasaLosViajeros11-1024x576.jpg 1024w, https:\/\/losviajerosleymebamba.com\/wp-content\/uploads\/2022\/07\/CasaLosViajeros11-768x432.jpg 768w, https:\/\/losviajerosleymebamba.com\/wp-content\/uploads\/2022\/07\/CasaLosViajeros11-1536x864.jpg 1536w\" sizes=\"(max-width: 1920px) 100vw, 1920px\"><br \/>\n<img width=\"2560\" height=\"1530\" src=\"https:\/\/losviajerosleymebamba.com\/wp-content\/uploads\/2023\/04\/sala_comedor_losviajeros_leymebamba-scaled.jpg\" alt=\"\" srcset=\"https:\/\/losviajerosleymebamba.com\/wp-content\/uploads\/2023\/04\/sala_comedor_losviajeros_leymebamba-scaled.jpg 2560w, https:\/\/losviajerosleymebamba.com\/wp-content\/uploads\/2023\/04\/sala_comedor_losviajeros_leymebamba-300x179.jpg 300w, https:\/\/losviajerosleymebamba.com\/wp-content\/uploads\/2023\/04\/sala_comedor_losviajeros_leymebamba-1024x612.jpg 1024w, https:\/\/losviajerosleymebamba.com\/wp-content\/uploads\/2023\/04\/sala_comedor_losviajeros_leymebamba-768x459.jpg 768w, https:\/\/losviajerosleymebamba.com\/wp-content\/uploads\/2023\/04\/sala_comedor_losviajeros_leymebamba-1536x918.jpg 1536w, https:\/\/losviajerosleymebamba.com\/wp-content\/uploads\/2023\/04\/sala_comedor_losviajeros_leymebamba-2048x1224.jpg 2048w\" sizes=\"(max-width: 2560px) 100vw, 2560px\"><\/p>\n<style>\/*! elementor - v3.6.7 - 03-07-2022 *\/<br \/>\n.e-container.e-container--row .elementor-spacer-inner{width:var(--spacer-size)}.e-container.e-container--column .elementor-spacer-inner,.elementor-column .elementor-spacer-inner{height:var(--spacer-size)}<\/style>\n<h2>Ub\u00edcanos<\/h2>\n<style>\/*! elementor - v3.6.7 - 03-07-2022 *\/<br \/>\n.elementor-image-gallery .gallery-item{display:inline-block;text-align:center;vertical-align:top;width:100%;max-width:100%;margin:0 auto}.elementor-image-gallery .gallery-item img{margin:0 auto}.elementor-image-gallery .gallery-item .gallery-caption{margin:0}.elementor-image-gallery figure img{display:block}.elementor-image-gallery figure figcaption{width:100%}.gallery-spacing-custom .elementor-image-gallery .gallery-icon{padding:0}@media (min-width:768px){.elementor-image-gallery .gallery-columns-2 .gallery-item{max-width:50%}.elementor-image-gallery .gallery-columns-3 .gallery-item{max-width:33.33%}.elementor-image-gallery .gallery-columns-4 .gallery-item{max-width:25%}.elementor-image-gallery .gallery-columns-5 .gallery-item{max-width:20%}.elementor-image-gallery .gallery-columns-6 .gallery-item{max-width:16.666%}.elementor-image-gallery .gallery-columns-7 .gallery-item{max-width:14.28%}.elementor-image-gallery .gallery-columns-8 .gallery-item{max-width:12.5%}.elementor-image-gallery .gallery-columns-9 .gallery-item{max-width:11.11%}.elementor-image-gallery .gallery-columns-10 .gallery-item{max-width:10%}}@media (min-width:480px) and (max-width:767px){.elementor-image-gallery .gallery.gallery-columns-2 .gallery-item,.elementor-image-gallery .gallery.gallery-columns-3 .gallery-item,.elementor-image-gallery .gallery.gallery-columns-4 .gallery-item,.elementor-image-gallery .gallery.gallery-columns-5 .gallery-item,.elementor-image-gallery .gallery.gallery-columns-6 .gallery-item,.elementor-image-gallery .gallery.gallery-columns-7 .gallery-item,.elementor-image-gallery .gallery.gallery-columns-8 .gallery-item,.elementor-image-gallery .gallery.gallery-columns-9 .gallery-item,.elementor-image-gallery .gallery.gallery-columns-10 .gallery-item{max-width:50%}}@media (max-width:479px){.elementor-image-gallery .gallery.gallery-columns-2 .gallery-item,.elementor-image-gallery .gallery.gallery-columns-3 .gallery-item,.elementor-image-gallery .gallery.gallery-columns-4 .gallery-item,.elementor-image-gallery .gallery.gallery-columns-5 .gallery-item,.elementor-image-gallery .gallery.gallery-columns-6 .gallery-item,.elementor-image-gallery .gallery.gallery-columns-7 .gallery-item,.elementor-image-gallery .gallery.gallery-columns-8 .gallery-item,.elementor-image-gallery .gallery.gallery-columns-9 .gallery-item,.elementor-image-gallery .gallery.gallery-columns-10 .gallery-item{max-width:100%}}<\/style>\n<figure class=\"gallery-item\">\n\t\t\t\t<a data-elementor-open-lightbox=\"yes\" data-elementor-lightbox-slideshow=\"a7b4429\" data-elementor-lightbox-title=\"CROQUIS LOS VIAJEROS 2022\" e-action-hash=\"#elementor-action%3Aaction%3Dlightbox%26settings%3DeyJpZCI6OTI0LCJ1cmwiOiJodHRwczpcL1wvbG9zdmlhamVyb3NsZXltZWJhbWJhLmNvbVwvd3AtY29udGVudFwvdXBsb2Fkc1wvMjAyMlwvMDhcL0NST1FVSVMtTE9TLVZJQUpFUk9TLTIwMjIuanBnIiwic2xpZGVzaG93IjoiYTdiNDQyOSJ9\" href=\"https:\/\/losviajerosleymebamba.com\/wp-content\/uploads\/2022\/08\/CROQUIS-LOS-VIAJEROS-2022.jpg\"><img loading=\"lazy\" width=\"1920\" height=\"1080\" src=\"https:\/\/losviajerosleymebamba.com\/wp-content\/uploads\/2022\/08\/CROQUIS-LOS-VIAJEROS-2022.jpg\" alt=\"\" srcset=\"https:\/\/losviajerosleymebamba.com\/wp-content\/uploads\/2022\/08\/CROQUIS-LOS-VIAJEROS-2022.jpg 1920w, https:\/\/losviajerosleymebamba.com\/wp-content\/uploads\/2022\/08\/CROQUIS-LOS-VIAJEROS-2022-300x169.jpg 300w, https:\/\/losviajerosleymebamba.com\/wp-content\/uploads\/2022\/08\/CROQUIS-LOS-VIAJEROS-2022-1024x576.jpg 1024w, https:\/\/losviajerosleymebamba.com\/wp-content\/uploads\/2022\/08\/CROQUIS-LOS-VIAJEROS-2022-768x432.jpg 768w, https:\/\/losviajerosleymebamba.com\/wp-content\/uploads\/2022\/08\/CROQUIS-LOS-VIAJEROS-2022-1536x864.jpg 1536w\" sizes=\"(max-width: 1920px) 100vw, 1920px\"><\/a><\/figure>\n<style>\/*! elementor - v3.6.7 - 03-07-2022 *\/<br \/>\n.elementor-widget-google_maps .elementor-widget-container{overflow:hidden}.elementor-widget-google_maps iframe{height:300px}<\/style>\n<p>\t\t\t<iframe frameborder=\"0\" scrolling=\"no\" marginheight=\"0\" marginwidth=\"0\" src=\"https:\/\/maps.google.com\/maps?q=Los%20Viajeros%20Leymebamba&amp;t=m&amp;z=17&amp;output=embed&amp;iwloc=near\" title=\"Los Viajeros Leymebamba\" aria-label=\"Los Viajeros Leymebamba\"><\/iframe><\/p>\n<h2>Planifique un viaje inolvidable.<\/h2>\n<p>En Casa Los Viajeros B&amp;B le ofrecemos la mejor experiencia durante su estad\u00eda.&nbsp;<\/p>\n<p><a href=\"https:\/\/losviajerosleymebamba.com\/index.php\/habitaciones\/\" role=\"button\"><br \/>\nreservar ahora<br \/>\n<\/a><\/p>\n","protected":false},"excerpt":{"rendered":"<p>Bienvenido a Los Viajeros B&amp;B Ahora rel\u00e1jate y s\u00e9 feliz&#8230; RESERVAR AHORA Sobre Los Viajeros B&amp;B Los Viajeros B&amp;B es un alojamiento agradable, limpio, con buena vista, buena atenci\u00f3n, acogedor, familiar, con todas las comodidades para sentirse como en casa, ambientes agradables para disfrutar del paisaje y el clima, cuenta con amplios espacios, jard\u00edn y &hellip;<\/p>\n<p class=\"read-more\"> <a class=\"\" href=\"https:\/\/losviajerosleymebamba.com\/\"> <span class=\"screen-reader-text\">Inicio<\/span> Read More &raquo;<\/a><\/p>\n","protected":false},"author":1,"featured_media":0,"parent":0,"menu_order":0,"comment_status":"closed","ping_status":"closed","template":"","meta":{"om_disable_all_campaigns":false,"_monsterinsights_skip_tracking":false,"_monsterinsights_sitenote_active":false,"_monsterinsights_sitenote_note":"","_monsterinsights_sitenote_category":0,"site-sidebar-layout":"no-sidebar","site-content-layout":"page-builder","ast-global-header-display":"","ast-main-header-display":"","ast-hfb-above-header-display":"","ast-hfb-below-header-display":"","ast-hfb-mobile-header-display":"","site-post-title":"disabled","ast-breadcrumbs-content":"","ast-featured-img":"disabled","footer-sml-layout":"","theme-transparent-header-meta":"enabled","adv-header-id-meta":"","stick-header-meta":"","header-above-stick-meta":"","header-main-stick-meta":"","header-below-stick-meta":"","_joinchat":[]},"aioseo_notices":[],"_links":{"self":[{"href":"https:\/\/losviajerosleymebamba.com\/index.php\/wp-json\/wp\/v2\/pages\/395"}],"collection":[{"href":"https:\/\/losviajerosleymebamba.com\/index.php\/wp-json\/wp\/v2\/pages"}],"about":[{"href":"https:\/\/losviajerosleymebamba.com\/index.php\/wp-json\/wp\/v2\/types\/page"}],"author":[{"embeddable":true,"href":"https:\/\/losviajerosleymebamba.com\/index.php\/wp-json\/wp\/v2\/users\/1"}],"replies":[{"embeddable":true,"href":"https:\/\/losviajerosleymebamba.com\/index.php\/wp-json\/wp\/v2\/comments?post=395"}],"version-history":[{"count":207,"href":"https:\/\/losviajerosleymebamba.com\/index.php\/wp-json\/wp\/v2\/pages\/395\/revisions"}],"predecessor-version":[{"id":986,"href":"https:\/\/losviajerosleymebamba.com\/index.php\/wp-json\/wp\/v2\/pages\/395\/revisions\/986"}],"wp:attachment":[{"href":"https:\/\/losviajerosleymebamba.com\/index.php\/wp-json\/wp\/v2\/media?parent=395"}],"curies":[{"name":"wp","href":"https:\/\/api.w.org\/{rel}","templated":true}]}}