{"id":524,"date":"2022-07-18T07:17:30","date_gmt":"2022-07-18T12:17:30","guid":{"rendered":"https:\/\/losviajerosleymebamba.com\/index.php\/our-rooms\/"},"modified":"2022-07-21T12:56:57","modified_gmt":"2022-07-21T17:56:57","slug":"habitaciones","status":"publish","type":"page","link":"https:\/\/losviajerosleymebamba.com\/index.php\/habitaciones\/","title":{"rendered":"Habitaciones"},"content":{"rendered":"\n<div class=\"wrap plugin-container\">\n\n\t\n\t\n\t<div class=\"vblistcontainer vblistcontainer-list\">\n<ul class=\"vblist\">\n\t<li class=\"room_result\">\n\t\t<div class=\"room_result-inner\">\n\t\t\t<div class=\"vblistroomblock\">\n\t\t\t\t\t\t\t<div class=\"vbimglistdiv\">\n\t\t\t\t\t<a class=\"vbo-roomslist-imglink\" href=\"https:\/\/losviajerosleymebamba.com\/index.php\/habitaciones\/?option=com_vikbooking&amp;view=roomdetails&amp;roomid=5\">\n\t\t\t\t\t\t<img src=\"https:\/\/losviajerosleymebamba.com\/wp-content\/plugins\/vikbooking\/site\/resources\/uploads\/habitacin_simple_pequea.jpg\" alt=\"Habitaci\u00f3n Simple Peque\u00f1a\" class=\"vblistimg\"\/>\n\t\t\t\t\t<\/a>\n\t\t\t\t\t\t\t\t<\/div>\n\t\t\t\t\t\t\t<div class=\"vbo-info-room\">\n\t\t\t\t\t<div class=\"vbdescrlistdiv\">\n\t\t\t\t\t\t<h4 class=\"vbrowcname\">\n\t\t\t\t\t\t\t<a href=\"https:\/\/losviajerosleymebamba.com\/index.php\/habitaciones\/?option=com_vikbooking&amp;view=roomdetails&amp;roomid=5\">Habitaci\u00f3n Simple Peque\u00f1a<\/a>\n\t\t\t\t\t\t<\/h4>\n\t\t\t\t\t\t<span class=\"vblistroomcat\">Habitaciones<\/span>\n\t\t\t\t\t\t<div class=\"vbrowcdescr\">Incluye: cama de 2 plazas, ropero, ba\u00f1o, ducha y tina con agua caliente, secadora de cabello, wifi.\r\n\u00c1rea en com\u00fan: cocina, terraza, chimenea.<\/div>\n\t\t\t\t\t<\/div>\n\t\t\t\t\t\t\t\t\t<div class=\"roomlist_carats\">\n\t\t\t\t\t<div class=\"vbo-room-carats\">\n<span class=\"vbo-room-carat\"><span class=\"vbo-expl\" data-vbo-expl=\"WiFi\"><i class=\"fas fa-wifi vbo-icn-carat\"><\/i><\/span><\/span>\n<span class=\"vbo-room-carat\"><span class=\"vbo-expl\" data-vbo-expl=\"Ba\u00f1o\"><i class=\"fas fa-bath vbo-icn-carat\"><\/i><\/span><\/span>\n<span class=\"vbo-room-carat\"><span class=\"vbo-expl\" data-vbo-expl=\"Terraza\"><i class=\"fas fa-umbrella-beach vbo-icn-carat\"><\/i><\/span><\/span>\n<span class=\"vbo-room-carat\"><span class=\"vbo-expl\" data-vbo-expl=\"Cama de 2 plazas\"><i class=\"fas fa-bed vbo-icn-carat\"><\/i><\/span><\/span>\n<\/div>\n\t\t\t\t\t<\/div>\n\t\t\t\t\t\t\t\t\t<\/div>\n\t\t\t<\/div>\n\n\t\t\t<div class=\"vbcontdivtot\">\n\t\t\t\t<div class=\"vbdivtot\">\n\t\t\t\t\t<div class=\"vbdivtotinline\">\n\t\t\t\t\t\t<div class=\"vbsrowprice\">\n\t\t\t\t\t\t\t<div class=\"vbrowroomcapacity\">\n\t\t\t\t\t\t\t<i class=\"fas fa-male vbo-pref-color-text\"><\/i><i class=\"fas fa-male vbo-pref-color-text\"><\/i>\t\t\t\t\t\t\t<\/div>\n\t\t\t\t\t\t\t\t\t\t<div class=\"vbsrowpricediv\">\n\t\t\t\t\t\t\t\t<span class=\"room_cost\"><span class=\"vbo_currency\">S\/<\/span> <span class=\"vbo_price\">180<\/span><\/span>\n\t\t\t\t\t\t\t\t<span class=\"vbliststartfrom\">por noche<\/span>\n\t\t\t\t\t\t\t\t\t\t\t\t\t\t\t<\/div>\n\t\t\t\t\t\t\n\t\t\t\t\t\t<\/div>\n\t\t\t\t\t\t<div class=\"vbselectordiv\">\n\t\t\t\t\t\t\t<div class=\"vbselectr\">\n\t\t\t\t\t\t\t\t<a class=\"btn vbo-pref-color-btn\" href=\"https:\/\/losviajerosleymebamba.com\/index.php\/habitaciones\/?option=com_vikbooking&amp;view=roomdetails&amp;roomid=5\">Detalles<\/a>\n\t\t\t\t\t\t\t<\/div>\n\t\t\t\t\t\t<\/div>\t\t\t\n\t\t\t\t\t<\/div>\n\t\t\t\t<\/div>\n\t\t\t<\/div>\n\t\t<\/div>\n\t<\/li>\n\t\t<li class=\"room_result\">\n\t\t<div class=\"room_result-inner\">\n\t\t\t<div class=\"vblistroomblock\">\n\t\t\t\t\t\t\t<div class=\"vbimglistdiv\">\n\t\t\t\t\t<a class=\"vbo-roomslist-imglink\" href=\"https:\/\/losviajerosleymebamba.com\/index.php\/habitaciones\/?option=com_vikbooking&amp;view=roomdetails&amp;roomid=6\">\n\t\t\t\t\t\t<img src=\"https:\/\/losviajerosleymebamba.com\/wp-content\/plugins\/vikbooking\/site\/resources\/uploads\/habitacin_simple_grande_vista.jpg\" alt=\"Habitaci\u00f3n Simple Grande\" class=\"vblistimg\"\/>\n\t\t\t\t\t<\/a>\n\t\t\t\t\t\t\t\t\t<div class=\"vbmodalrdetails vbo-roomslist-opengallery-cont\">\n\t\t\t\t\t\t<a href=\"javascript: void(0);\" class=\"vbo-roomslist-opengallery\" data-roomid=\"6\"><i class=\"fas fa-camera\"><\/i><\/a>\n\t\t\t\t\t<\/div>\n\t\t\t\t\t<div class=\"vikfx-gallery\" id=\"vikfx-gallery6\" style=\"display: none;\">\n\t\t\t\t\t\t\t\t\t\t\t<a href=\"https:\/\/losviajerosleymebamba.com\/wp-content\/plugins\/vikbooking\/site\/resources\/uploads\/big_habtacin_simple_grande_interior.jpg\" style=\"display: none;\">\n\t\t\t\t\t\t\t<img src=\"https:\/\/losviajerosleymebamba.com\/wp-content\/plugins\/vikbooking\/site\/resources\/uploads\/thumb_habtacin_simple_grande_interior.jpg\" alt=\"habtacin_simple_grande_interior\" title=\"\" style=\"display: none;\"\/>\n\t\t\t\t\t\t<\/a>\n\t\t\t\t\t\t\t\t\t\t\t<\/div>\n\t\t\t\t\t\t\t\t<\/div>\n\t\t\t\t\t\t\t<div class=\"vbo-info-room\">\n\t\t\t\t\t<div class=\"vbdescrlistdiv\">\n\t\t\t\t\t\t<h4 class=\"vbrowcname\">\n\t\t\t\t\t\t\t<a href=\"https:\/\/losviajerosleymebamba.com\/index.php\/habitaciones\/?option=com_vikbooking&amp;view=roomdetails&amp;roomid=6\">Habitaci\u00f3n Simple Grande<\/a>\n\t\t\t\t\t\t<\/h4>\n\t\t\t\t\t\t<span class=\"vblistroomcat\">Habitaciones<\/span>\n\t\t\t\t\t\t<div class=\"vbrowcdescr\">Incluye: cama de 2 plazas, ropero, ba\u00f1o, ducha y tina con agua caliente, secadora de cabello, wifi, balc\u00f3n con vista al pueblo.\r\n\u00c1rea en com\u00fan: terraza y  chimenea.<\/div>\n\t\t\t\t\t<\/div>\n\t\t\t\t\t\t\t\t\t<div class=\"roomlist_carats\">\n\t\t\t\t\t<div class=\"vbo-room-carats\">\n<span class=\"vbo-room-carat\"><span class=\"vbo-expl\" data-vbo-expl=\"WiFi\"><i class=\"fas fa-wifi vbo-icn-carat\"><\/i><\/span><\/span>\n<span class=\"vbo-room-carat\"><span class=\"vbo-expl\" data-vbo-expl=\"Ba\u00f1o\"><i class=\"fas fa-bath vbo-icn-carat\"><\/i><\/span><\/span>\n<span class=\"vbo-room-carat\"><span class=\"vbo-expl\" data-vbo-expl=\"Terraza\"><i class=\"fas fa-umbrella-beach vbo-icn-carat\"><\/i><\/span><\/span>\n<span class=\"vbo-room-carat\"><span class=\"vbo-expl\" data-vbo-expl=\"Cama de 2 plazas\"><i class=\"fas fa-bed vbo-icn-carat\"><\/i><\/span><\/span>\n<\/div>\n\t\t\t\t\t<\/div>\n\t\t\t\t\t\t\t\t\t<\/div>\n\t\t\t<\/div>\n\n\t\t\t<div class=\"vbcontdivtot\">\n\t\t\t\t<div class=\"vbdivtot\">\n\t\t\t\t\t<div class=\"vbdivtotinline\">\n\t\t\t\t\t\t<div class=\"vbsrowprice\">\n\t\t\t\t\t\t\t<div class=\"vbrowroomcapacity\">\n\t\t\t\t\t\t\t<i class=\"fas fa-male vbo-pref-color-text\"><\/i><i class=\"fas fa-male vbo-pref-color-text\"><\/i>\t\t\t\t\t\t\t<\/div>\n\t\t\t\t\t\t\t\t\t\t<div class=\"vbsrowpricediv\">\n\t\t\t\t\t\t\t\t<span class=\"room_cost\"><span class=\"vbo_currency\">S\/<\/span> <span class=\"vbo_price\">200<\/span><\/span>\n\t\t\t\t\t\t\t\t<span class=\"vbliststartfrom\">por noche<\/span>\n\t\t\t\t\t\t\t\t\t\t\t\t\t\t\t<\/div>\n\t\t\t\t\t\t\n\t\t\t\t\t\t<\/div>\n\t\t\t\t\t\t<div class=\"vbselectordiv\">\n\t\t\t\t\t\t\t<div class=\"vbselectr\">\n\t\t\t\t\t\t\t\t<a class=\"btn vbo-pref-color-btn\" href=\"https:\/\/losviajerosleymebamba.com\/index.php\/habitaciones\/?option=com_vikbooking&amp;view=roomdetails&amp;roomid=6\">Detalles<\/a>\n\t\t\t\t\t\t\t<\/div>\n\t\t\t\t\t\t<\/div>\t\t\t\n\t\t\t\t\t<\/div>\n\t\t\t\t<\/div>\n\t\t\t<\/div>\n\t\t<\/div>\n\t<\/li>\n\t\t<li class=\"room_result\">\n\t\t<div class=\"room_result-inner\">\n\t\t\t<div class=\"vblistroomblock\">\n\t\t\t\t\t\t\t<div class=\"vbimglistdiv\">\n\t\t\t\t\t<a class=\"vbo-roomslist-imglink\" href=\"https:\/\/losviajerosleymebamba.com\/index.php\/habitaciones\/?option=com_vikbooking&amp;view=roomdetails&amp;roomid=9\">\n\t\t\t\t\t\t<img src=\"https:\/\/losviajerosleymebamba.com\/wp-content\/plugins\/vikbooking\/site\/resources\/uploads\/habitacin_matrimonial_vista.jpg\" alt=\"Habitaci\u00f3n Matrimonial\" class=\"vblistimg\"\/>\n\t\t\t\t\t<\/a>\n\t\t\t\t\t\t\t\t\t<div class=\"vbmodalrdetails vbo-roomslist-opengallery-cont\">\n\t\t\t\t\t\t<a href=\"javascript: void(0);\" class=\"vbo-roomslist-opengallery\" data-roomid=\"9\"><i class=\"fas fa-camera\"><\/i><\/a>\n\t\t\t\t\t<\/div>\n\t\t\t\t\t<div class=\"vikfx-gallery\" id=\"vikfx-gallery9\" style=\"display: none;\">\n\t\t\t\t\t\t\t\t\t\t\t<a href=\"https:\/\/losviajerosleymebamba.com\/wp-content\/plugins\/vikbooking\/site\/resources\/uploads\/big_habitacin_matrimonial_vista_2.jpg\" style=\"display: none;\">\n\t\t\t\t\t\t\t<img src=\"https:\/\/losviajerosleymebamba.com\/wp-content\/plugins\/vikbooking\/site\/resources\/uploads\/thumb_habitacin_matrimonial_vista_2.jpg\" alt=\"Habitaci\u00f3n Matrimonial\" title=\"Habitaci\u00f3n Matrimonial\" style=\"display: none;\"\/>\n\t\t\t\t\t\t<\/a>\n\t\t\t\t\t\t\t\t\t\t\t\t<a href=\"https:\/\/losviajerosleymebamba.com\/wp-content\/plugins\/vikbooking\/site\/resources\/uploads\/big_habitacin_matrimonial_interior.jpg\" style=\"display: none;\">\n\t\t\t\t\t\t\t<img src=\"https:\/\/losviajerosleymebamba.com\/wp-content\/plugins\/vikbooking\/site\/resources\/uploads\/thumb_habitacin_matrimonial_interior.jpg\" alt=\"habitacin_matrimonial_interior\" title=\"\" style=\"display: none;\"\/>\n\t\t\t\t\t\t<\/a>\n\t\t\t\t\t\t\t\t\t\t\t\t<a href=\"https:\/\/losviajerosleymebamba.com\/wp-content\/plugins\/vikbooking\/site\/resources\/uploads\/big_habitacin_matrimonial_interior_2.jpg\" style=\"display: none;\">\n\t\t\t\t\t\t\t<img src=\"https:\/\/losviajerosleymebamba.com\/wp-content\/plugins\/vikbooking\/site\/resources\/uploads\/thumb_habitacin_matrimonial_interior_2.jpg\" alt=\"habitacin_matrimonial_interior_2\" title=\"\" style=\"display: none;\"\/>\n\t\t\t\t\t\t<\/a>\n\t\t\t\t\t\t\t\t\t\t\t<\/div>\n\t\t\t\t\t\t\t\t<\/div>\n\t\t\t\t\t\t\t<div class=\"vbo-info-room\">\n\t\t\t\t\t<div class=\"vbdescrlistdiv\">\n\t\t\t\t\t\t<h4 class=\"vbrowcname\">\n\t\t\t\t\t\t\t<a href=\"https:\/\/losviajerosleymebamba.com\/index.php\/habitaciones\/?option=com_vikbooking&amp;view=roomdetails&amp;roomid=9\">Habitaci\u00f3n Matrimonial<\/a>\n\t\t\t\t\t\t<\/h4>\n\t\t\t\t\t\t<span class=\"vblistroomcat\">Habitaciones<\/span>\n\t\t\t\t\t\t<div class=\"vbrowcdescr\">Incluye: cama Queen, c\u00f3moda, escritorio, ba\u00f1o, ducha y tina con agua caliente, secadora de cabello, wifi, balc\u00f3n con vista al pueblo.\r\n\u00c1rea en com\u00fan: cocina, terraza, chimenea.<\/div>\n\t\t\t\t\t<\/div>\n\t\t\t\t\t\t\t\t\t<div class=\"roomlist_carats\">\n\t\t\t\t\t<div class=\"vbo-room-carats\">\n<span class=\"vbo-room-carat\"><span class=\"vbo-expl\" data-vbo-expl=\"WiFi\"><i class=\"fas fa-wifi vbo-icn-carat\"><\/i><\/span><\/span>\n<span class=\"vbo-room-carat\"><span class=\"vbo-expl\" data-vbo-expl=\"Ba\u00f1o\"><i class=\"fas fa-bath vbo-icn-carat\"><\/i><\/span><\/span>\n<span class=\"vbo-room-carat\"><span class=\"vbo-expl\" data-vbo-expl=\"Terraza\"><i class=\"fas fa-umbrella-beach vbo-icn-carat\"><\/i><\/span><\/span>\n<span class=\"vbo-room-carat\"><span class=\"vbo-expl\" data-vbo-expl=\"Cama de 2 plazas\"><i class=\"fas fa-bed vbo-icn-carat\"><\/i><\/span><\/span>\n<span class=\"vbo-room-carat\"><span class=\"vbo-expl\" data-vbo-expl=\"Cocina\"><i class=\"fas fa-utensils vbo-icn-carat\"><\/i><\/span><\/span>\n<\/div>\n\t\t\t\t\t<\/div>\n\t\t\t\t\t\t\t\t\t<\/div>\n\t\t\t<\/div>\n\n\t\t\t<div class=\"vbcontdivtot\">\n\t\t\t\t<div class=\"vbdivtot\">\n\t\t\t\t\t<div class=\"vbdivtotinline\">\n\t\t\t\t\t\t<div class=\"vbsrowprice\">\n\t\t\t\t\t\t\t<div class=\"vbrowroomcapacity\">\n\t\t\t\t\t\t\t<i class=\"fas fa-male vbo-pref-color-text\"><\/i><i class=\"fas fa-male vbo-pref-color-text\"><\/i>\t\t\t\t\t\t\t<\/div>\n\t\t\t\t\t\t\t\t\t\t<div class=\"vbsrowpricediv\">\n\t\t\t\t\t\t\t\t<span class=\"room_cost\"><span class=\"vbo_currency\">S\/<\/span> <span class=\"vbo_price\">220<\/span><\/span>\n\t\t\t\t\t\t\t\t<span class=\"vbliststartfrom\">por noche<\/span>\n\t\t\t\t\t\t\t\t\t\t\t\t\t\t\t<\/div>\n\t\t\t\t\t\t\n\t\t\t\t\t\t<\/div>\n\t\t\t\t\t\t<div class=\"vbselectordiv\">\n\t\t\t\t\t\t\t<div class=\"vbselectr\">\n\t\t\t\t\t\t\t\t<a class=\"btn vbo-pref-color-btn\" href=\"https:\/\/losviajerosleymebamba.com\/index.php\/habitaciones\/?option=com_vikbooking&amp;view=roomdetails&amp;roomid=9\">Detalles<\/a>\n\t\t\t\t\t\t\t<\/div>\n\t\t\t\t\t\t<\/div>\t\t\t\n\t\t\t\t\t<\/div>\n\t\t\t\t<\/div>\n\t\t\t<\/div>\n\t\t<\/div>\n\t<\/li>\n\t\t<li class=\"room_result\">\n\t\t<div class=\"room_result-inner\">\n\t\t\t<div class=\"vblistroomblock\">\n\t\t\t\t\t\t\t<div class=\"vbimglistdiv\">\n\t\t\t\t\t<a class=\"vbo-roomslist-imglink\" href=\"https:\/\/losviajerosleymebamba.com\/index.php\/habitaciones\/?option=com_vikbooking&amp;view=roomdetails&amp;roomid=7\">\n\t\t\t\t\t\t<img src=\"https:\/\/losviajerosleymebamba.com\/wp-content\/plugins\/vikbooking\/site\/resources\/uploads\/habitacin_triple_vista.jpg\" alt=\"Habitaci\u00f3n Triple\" class=\"vblistimg\"\/>\n\t\t\t\t\t<\/a>\n\t\t\t\t\t\t\t\t\t<div class=\"vbmodalrdetails vbo-roomslist-opengallery-cont\">\n\t\t\t\t\t\t<a href=\"javascript: void(0);\" class=\"vbo-roomslist-opengallery\" data-roomid=\"7\"><i class=\"fas fa-camera\"><\/i><\/a>\n\t\t\t\t\t<\/div>\n\t\t\t\t\t<div class=\"vikfx-gallery\" id=\"vikfx-gallery7\" style=\"display: none;\">\n\t\t\t\t\t\t\t\t\t\t\t<a href=\"https:\/\/losviajerosleymebamba.com\/wp-content\/plugins\/vikbooking\/site\/resources\/uploads\/big_habitacin_triple_interior.jpg\" style=\"display: none;\">\n\t\t\t\t\t\t\t<img src=\"https:\/\/losviajerosleymebamba.com\/wp-content\/plugins\/vikbooking\/site\/resources\/uploads\/thumb_habitacin_triple_interior.jpg\" alt=\"habitacin_triple_interior\" title=\"\" style=\"display: none;\"\/>\n\t\t\t\t\t\t<\/a>\n\t\t\t\t\t\t\t\t\t\t\t<\/div>\n\t\t\t\t\t\t\t\t<\/div>\n\t\t\t\t\t\t\t<div class=\"vbo-info-room\">\n\t\t\t\t\t<div class=\"vbdescrlistdiv\">\n\t\t\t\t\t\t<h4 class=\"vbrowcname\">\n\t\t\t\t\t\t\t<a href=\"https:\/\/losviajerosleymebamba.com\/index.php\/habitaciones\/?option=com_vikbooking&amp;view=roomdetails&amp;roomid=7\">Habitaci\u00f3n Triple<\/a>\n\t\t\t\t\t\t<\/h4>\n\t\t\t\t\t\t<span class=\"vblistroomcat\">Habitaciones<\/span>\n\t\t\t\t\t\t<div class=\"vbrowcdescr\">Incluye: cama de 2 plazas, camarote de 1 1\/2plaza, ropero, ba\u00f1o, ducha y tina con agua caliente, secadora de cabello, wifi.\r\n\u00c1rea en com\u00fan: cocina, terraza, chimenea.<\/div>\n\t\t\t\t\t<\/div>\n\t\t\t\t\t\t\t\t\t<div class=\"roomlist_carats\">\n\t\t\t\t\t<div class=\"vbo-room-carats\">\n<span class=\"vbo-room-carat\"><span class=\"vbo-expl\" data-vbo-expl=\"WiFi\"><i class=\"fas fa-wifi vbo-icn-carat\"><\/i><\/span><\/span>\n<span class=\"vbo-room-carat\"><span class=\"vbo-expl\" data-vbo-expl=\"Ba\u00f1o\"><i class=\"fas fa-bath vbo-icn-carat\"><\/i><\/span><\/span>\n<span class=\"vbo-room-carat\"><span class=\"vbo-expl\" data-vbo-expl=\"Terraza\"><i class=\"fas fa-umbrella-beach vbo-icn-carat\"><\/i><\/span><\/span>\n<span class=\"vbo-room-carat\"><span class=\"vbo-expl\" data-vbo-expl=\"Cama de 2 plazas\"><i class=\"fas fa-bed vbo-icn-carat\"><\/i><\/span><\/span>\n<span class=\"vbo-room-carat\"><span class=\"vbo-expl\" data-vbo-expl=\"Cocina\"><i class=\"fas fa-utensils vbo-icn-carat\"><\/i><\/span><\/span>\n<\/div>\n\t\t\t\t\t<\/div>\n\t\t\t\t\t\t\t\t\t<\/div>\n\t\t\t<\/div>\n\n\t\t\t<div class=\"vbcontdivtot\">\n\t\t\t\t<div class=\"vbdivtot\">\n\t\t\t\t\t<div class=\"vbdivtotinline\">\n\t\t\t\t\t\t<div class=\"vbsrowprice\">\n\t\t\t\t\t\t\t<div class=\"vbrowroomcapacity\">\n\t\t\t\t\t\t\t<i class=\"fas fa-male vbo-pref-color-text\"><\/i><i class=\"fas fa-male vbo-pref-color-text\"><\/i><i class=\"fas fa-male vbo-pref-color-text\"><\/i>\t\t\t\t\t\t\t<\/div>\n\t\t\t\t\t\t\t\t\t\t<div class=\"vbsrowpricediv\">\n\t\t\t\t\t\t\t\t<span class=\"room_cost\"><span class=\"vbo_currency\">S\/<\/span> <span class=\"vbo_price\">300<\/span><\/span>\n\t\t\t\t\t\t\t\t<span class=\"vbliststartfrom\">por noche<\/span>\n\t\t\t\t\t\t\t\t\t\t\t\t\t\t\t<\/div>\n\t\t\t\t\t\t\n\t\t\t\t\t\t<\/div>\n\t\t\t\t\t\t<div class=\"vbselectordiv\">\n\t\t\t\t\t\t\t<div class=\"vbselectr\">\n\t\t\t\t\t\t\t\t<a class=\"btn vbo-pref-color-btn\" href=\"https:\/\/losviajerosleymebamba.com\/index.php\/habitaciones\/?option=com_vikbooking&amp;view=roomdetails&amp;roomid=7\">Detalles<\/a>\n\t\t\t\t\t\t\t<\/div>\n\t\t\t\t\t\t<\/div>\t\t\t\n\t\t\t\t\t<\/div>\n\t\t\t\t<\/div>\n\t\t\t<\/div>\n\t\t<\/div>\n\t<\/li>\n\t<\/ul>\n<\/div>\n\n\n<\/div>\n\n","protected":false},"excerpt":{"rendered":"","protected":false},"author":1,"featured_media":0,"parent":0,"menu_order":0,"comment_status":"closed","ping_status":"closed","template":"","meta":{"om_disable_all_campaigns":false,"_monsterinsights_skip_tracking":false,"_monsterinsights_sitenote_active":false,"_monsterinsights_sitenote_note":"","_monsterinsights_sitenote_category":0,"site-sidebar-layout":"default","site-content-layout":"default","ast-global-header-display":"","ast-main-header-display":"","ast-hfb-above-header-display":"","ast-hfb-below-header-display":"","ast-hfb-mobile-header-display":"","site-post-title":"disabled","ast-breadcrumbs-content":"","ast-featured-img":"","footer-sml-layout":"","theme-transparent-header-meta":"","adv-header-id-meta":"","stick-header-meta":"","header-above-stick-meta":"","header-main-stick-meta":"","header-below-stick-meta":"","_joinchat":[]},"aioseo_notices":[],"_links":{"self":[{"href":"https:\/\/losviajerosleymebamba.com\/index.php\/wp-json\/wp\/v2\/pages\/524"}],"collection":[{"href":"https:\/\/losviajerosleymebamba.com\/index.php\/wp-json\/wp\/v2\/pages"}],"about":[{"href":"https:\/\/losviajerosleymebamba.com\/index.php\/wp-json\/wp\/v2\/types\/page"}],"author":[{"embeddable":true,"href":"https:\/\/losviajerosleymebamba.com\/index.php\/wp-json\/wp\/v2\/users\/1"}],"replies":[{"embeddable":true,"href":"https:\/\/losviajerosleymebamba.com\/index.php\/wp-json\/wp\/v2\/comments?post=524"}],"version-history":[{"count":2,"href":"https:\/\/losviajerosleymebamba.com\/index.php\/wp-json\/wp\/v2\/pages\/524\/revisions"}],"predecessor-version":[{"id":798,"href":"https:\/\/losviajerosleymebamba.com\/index.php\/wp-json\/wp\/v2\/pages\/524\/revisions\/798"}],"wp:attachment":[{"href":"https:\/\/losviajerosleymebamba.com\/index.php\/wp-json\/wp\/v2\/media?parent=524"}],"curies":[{"name":"wp","href":"https:\/\/api.w.org\/{rel}","templated":true}]}}